{"id":40,"date":"2020-04-10T23:15:09","date_gmt":"2020-04-11T02:15:09","guid":{"rendered":"http:\/\/webapp183478.ip-69-164-198-196.cloudezapp.io\/?page_id=40"},"modified":"2020-12-23T20:58:27","modified_gmt":"2020-12-23T23:58:27","slug":"mesas-de-poker-e-acessorios","status":"publish","type":"page","link":"https:\/\/planetpoker.com.br\/","title":{"rendered":"Mesas de Poker e Acess\u00f3rios"},"content":{"rendered":"<p>[et_pb_section fb_built=&#8221;1&#8243; fullwidth=&#8221;on&#8221; _builder_version=&#8221;4.4.3&#8243;][et_pb_fullwidth_slider _builder_version=&#8221;4.5.6&#8243; custom_padding=&#8221;150px||150px|||&#8221;][et_pb_slide heading=&#8221;Mesas de Poker Profissionais&#8221; button_text=&#8221;Saiba Mais&#8221; button_link=&#8221;@ET-DC@eyJkeW5hbWljIjp0cnVlLCJjb250ZW50IjoicG9zdF9saW5rX3VybF9wYWdlIiwic2V0dGluZ3MiOnsicG9zdF9pZCI6IjEwNCJ9fQ==@&#8221; _builder_version=&#8221;4.5.6&#8243; _dynamic_attributes=&#8221;button_link&#8221; header_font=&#8221;Abril Fatface||||||||&#8221; header_text_align=&#8221;right&#8221; background_enable_color=&#8221;off&#8221; background_image=&#8221;http:\/\/webapp183478.ip-69-164-198-196.cloudezapp.io\/wp-content\/uploads\/2020\/04\/mesas-de-poker-profissional-planet-poker.jpg&#8221; background_enable_image=&#8221;on&#8221; parallax=&#8221;on&#8221; custom_button=&#8221;on&#8221; button_text_color=&#8221;#7cda24&#8243; button_border_color=&#8221;#7cda24&#8243; button_border_radius=&#8221;15px&#8221; button_use_icon=&#8221;on&#8221; button_icon=&#8221;%%56%%&#8221; button_icon_placement=&#8221;right&#8221; button_alignment=&#8221;right&#8221; sticky_transition=&#8221;on&#8221;]<\/p>\n<p style=\"text-align: right;\"><span style=\"font-size: large;\">A Mesa de Poker que voc\u00ea procura est\u00e1 aqui na Planet Poker.<br \/> Com p\u00e9 retr\u00e1til ou fixo, tecido personalizado e diversos tamanhos.<br \/> Clique em saiba mais para conhecer todos os modelos dispon\u00edveis.<\/span><\/p>\n<p>&nbsp;<\/p>\n<p style=\"text-align: right;\"><span style=\"font-size: large;\"><\/span><\/p>\n<p>[\/et_pb_slide][et_pb_slide heading=&#8221;Fichas de Poker Profissionais&#8221; button_text=&#8221;Saiba Mais&#8221; _builder_version=&#8221;4.4.3&#8243; header_font=&#8221;Abril Fatface||||||||&#8221; header_text_align=&#8221;right&#8221; background_enable_color=&#8221;off&#8221; background_image=&#8221;http:\/\/webapp183478.ip-69-164-198-196.cloudezapp.io\/wp-content\/uploads\/2020\/04\/fichas-de-poker-personalizadas-planet-poker.jpg&#8221; background_enable_image=&#8221;on&#8221; parallax=&#8221;on&#8221; custom_button=&#8221;on&#8221; button_text_color=&#8221;#7cda24&#8243; button_border_color=&#8221;#7cda24&#8243; button_border_radius=&#8221;15px&#8221; button_use_icon=&#8221;on&#8221; button_icon=&#8221;%%56%%&#8221; button_icon_placement=&#8221;right&#8221; button_alignment=&#8221;right&#8221; sticky_transition=&#8221;on&#8221;]<\/p>\n<p style=\"text-align: right;\"><span style=\"font-size: large;\">Fichas de Pl\u00e1stico com Adesivo Personalizado ou<br \/> Fichas de Cer\u00e2mica 100% personaliz\u00e1veis.<br \/> A escolha \u00e9 sua, o comprometimento com\u00a0<\/span><span style=\"font-size: large;\">a qualidade \u00e9 nosso.<br \/> Clique em saiba mais para conhecer os modelos.<br \/> <\/span><\/p>\n<p>[\/et_pb_slide][\/et_pb_fullwidth_slider][\/et_pb_section][et_pb_section fb_built=&#8221;1&#8243; _builder_version=&#8221;4.4.3&#8243; custom_margin=&#8221;-1px|||||&#8221;][et_pb_row column_structure=&#8221;1_2,1_2&#8243; _builder_version=&#8221;4.4.3&#8243;][et_pb_column type=&#8221;1_2&#8243; _builder_version=&#8221;4.4.3&#8243;][et_pb_image src=&#8221;http:\/\/webapp183478.ip-69-164-198-196.cloudezapp.io\/wp-content\/uploads\/2020\/04\/mesas-de-poker-carolina-planet-poker.png&#8221; _builder_version=&#8221;4.4.3&#8243; transform_scale_tablet=&#8221;140%|140%&#8221; transform_scale_phone=&#8221;130%|130%&#8221; transform_scale_last_edited=&#8221;on|phone&#8221; transform_translate_tablet=&#8221;&#8221; transform_translate_phone=&#8221;0px|30px&#8221; transform_translate_last_edited=&#8221;on|desktop&#8221; transform_translate_linked_phone=&#8221;off&#8221; transform_rotate_tablet=&#8221;&#8221; transform_rotate_phone=&#8221;&#8221; transform_rotate_last_edited=&#8221;on|desktop&#8221; transform_skew_tablet=&#8221;&#8221; transform_skew_phone=&#8221;&#8221; transform_skew_last_edited=&#8221;on|desktop&#8221; transform_origin_tablet=&#8221;&#8221; transform_origin_phone=&#8221;&#8221; transform_origin_last_edited=&#8221;on|desktop&#8221; transform_styles_last_edited=&#8221;on|phone&#8221; transform_styles_tablet=&#8221;&#8221; transform_styles_phone=&#8221;&#8221;][\/et_pb_image][\/et_pb_column][et_pb_column type=&#8221;1_2&#8243; _builder_version=&#8221;4.4.3&#8243; vertical_offset=&#8221;30px&#8221; horizontal_offset=&#8221;-175px&#8221; z_index=&#8221;1&#8243; custom_padding__hover_enabled=&#8221;on|hover&#8221; custom_padding__hover=&#8221;20px||||false|false&#8221;][et_pb_cta title=&#8221;Mesa de Poker Carolina&#8221; button_url=&#8221;@ET-DC@eyJkeW5hbWljIjp0cnVlLCJjb250ZW50IjoicG9zdF9saW5rX3VybF9wYWdlIiwic2V0dGluZ3MiOnsicG9zdF9pZCI6IjE5OCJ9fQ==@&#8221; button_text=&#8221;Conhe\u00e7a&#8221; _builder_version=&#8221;4.7.7&#8243; _dynamic_attributes=&#8221;button_url,link_option_url&#8221; background_color=&#8221;rgba(0,0,0,0.8)&#8221; text_orientation=&#8221;right&#8221; module_alignment=&#8221;right&#8221; custom_margin=&#8221;|-175px|||false|false&#8221; custom_margin_last_edited=&#8221;off|desktop&#8221; hover_enabled=&#8221;0&#8243; link_option_url=&#8221;@ET-DC@eyJkeW5hbWljIjp0cnVlLCJjb250ZW50IjoicG9zdF9saW5rX3VybF9wYWdlIiwic2V0dGluZ3MiOnsicG9zdF9pZCI6IjE5OCJ9fQ==@&#8221; sticky_enabled=&#8221;0&#8243;]<\/p>\n<p><span>Material 100% certificado<br \/> P\u00e9s retr\u00e1teis<br \/> <\/span><span>Tecido Personalizado<\/span><\/p>\n<p>[\/et_pb_cta][\/et_pb_column][\/et_pb_row][et_pb_row column_structure=&#8221;1_2,1_2&#8243; _builder_version=&#8221;4.4.3&#8243;][et_pb_column type=&#8221;1_2&#8243; _builder_version=&#8221;4.4.3&#8243;][et_pb_image src=&#8221;http:\/\/webapp183478.ip-69-164-198-196.cloudezapp.io\/wp-content\/uploads\/2020\/04\/mesas-de-poker-georgia-planet-poker.png&#8221; _builder_version=&#8221;4.4.3&#8243; transform_scale_tablet=&#8221;140%|140%&#8221; transform_scale_phone=&#8221;130%|130%&#8221; transform_scale_last_edited=&#8221;on|phone&#8221; transform_translate_tablet=&#8221;&#8221; transform_translate_phone=&#8221;0px|30px&#8221; transform_translate_last_edited=&#8221;on|desktop&#8221; transform_translate_linked_phone=&#8221;off&#8221; transform_rotate_tablet=&#8221;&#8221; transform_rotate_phone=&#8221;&#8221; transform_rotate_last_edited=&#8221;on|desktop&#8221; transform_skew_tablet=&#8221;&#8221; transform_skew_phone=&#8221;&#8221; transform_skew_last_edited=&#8221;on|desktop&#8221; transform_origin_tablet=&#8221;&#8221; transform_origin_phone=&#8221;&#8221; transform_origin_last_edited=&#8221;on|desktop&#8221; transform_styles_last_edited=&#8221;on|phone&#8221; transform_styles_tablet=&#8221;&#8221; transform_styles_phone=&#8221;&#8221;][\/et_pb_image][\/et_pb_column][et_pb_column type=&#8221;1_2&#8243; _builder_version=&#8221;4.4.3&#8243; vertical_offset=&#8221;30px&#8221; horizontal_offset=&#8221;-175px&#8221; z_index=&#8221;1&#8243; custom_padding__hover_enabled=&#8221;on|hover&#8221; custom_padding__hover=&#8221;20px||||false|false&#8221;][et_pb_cta title=&#8221;Mesa de Poker Ge\u00f3rgia&#8221; button_url=&#8221;@ET-DC@eyJkeW5hbWljIjp0cnVlLCJjb250ZW50IjoicG9zdF9saW5rX3VybF9wcm9kdWN0Iiwic2V0dGluZ3MiOnsicG9zdF9pZCI6IjExNiJ9fQ==@&#8221; button_text=&#8221;Conhe\u00e7a&#8221; _builder_version=&#8221;4.5.6&#8243; _dynamic_attributes=&#8221;button_url&#8221; background_color=&#8221;rgba(135,0,0,0.8)&#8221; text_orientation=&#8221;right&#8221; module_alignment=&#8221;right&#8221; custom_margin=&#8221;|-175px|||false|false&#8221; custom_margin_last_edited=&#8221;off|desktop&#8221;]<\/p>\n<p><span>Material 100% certificado<br \/> P\u00e9s em Madeira<br \/> Revestida em R\u00e1dica Natural<br \/> <\/span><span>Tecido Personalizado<\/span><\/p>\n<p>[\/et_pb_cta][\/et_pb_column][\/et_pb_row][et_pb_row column_structure=&#8221;1_2,1_2&#8243; _builder_version=&#8221;4.4.3&#8243;][et_pb_column type=&#8221;1_2&#8243; _builder_version=&#8221;4.4.3&#8243;][et_pb_image src=&#8221;http:\/\/webapp183478.ip-69-164-198-196.cloudezapp.io\/wp-content\/uploads\/2020\/09\/mesas-de-poker-profissional-virginia-planet-poker-site.png&#8221; alt=&#8221;mesa de poker profissional virginia planet poker site&#8221; title_text=&#8221;mesas-de-poker-profissional-virginia-planet-poker-site&#8221; _builder_version=&#8221;4.6.2&#8243; transform_scale_tablet=&#8221;140%|140%&#8221; transform_scale_phone=&#8221;130%|130%&#8221; transform_scale_last_edited=&#8221;on|phone&#8221; transform_translate_tablet=&#8221;&#8221; transform_translate_phone=&#8221;0px|30px&#8221; transform_translate_last_edited=&#8221;on|desktop&#8221; transform_translate_linked_phone=&#8221;off&#8221; transform_rotate_tablet=&#8221;&#8221; transform_rotate_phone=&#8221;&#8221; transform_rotate_last_edited=&#8221;on|desktop&#8221; transform_skew_tablet=&#8221;&#8221; transform_skew_phone=&#8221;&#8221; transform_skew_last_edited=&#8221;on|desktop&#8221; transform_origin_tablet=&#8221;&#8221; transform_origin_phone=&#8221;&#8221; transform_origin_last_edited=&#8221;on|desktop&#8221; transform_styles_last_edited=&#8221;on|phone&#8221; transform_styles_tablet=&#8221;&#8221; transform_styles_phone=&#8221;&#8221;][\/et_pb_image][\/et_pb_column][et_pb_column type=&#8221;1_2&#8243; _builder_version=&#8221;4.4.3&#8243; vertical_offset=&#8221;30px&#8221; horizontal_offset=&#8221;-175px&#8221; z_index=&#8221;1&#8243; custom_padding__hover_enabled=&#8221;on|hover&#8221; custom_padding__hover=&#8221;20px||||false|false&#8221;][et_pb_cta title=&#8221;Mesa de Poker Virg\u00ednia&#8221; button_url=&#8221;@ET-DC@eyJkeW5hbWljIjp0cnVlLCJjb250ZW50IjoicG9zdF9saW5rX3VybF9wcm9kdWN0Iiwic2V0dGluZ3MiOnsicG9zdF9pZCI6IjExMiJ9fQ==@&#8221; button_text=&#8221;Conhe\u00e7a&#8221; _builder_version=&#8221;4.5.6&#8243; _dynamic_attributes=&#8221;button_url&#8221; background_color=&#8221;rgba(0,0,0,0.8)&#8221; text_orientation=&#8221;right&#8221; module_alignment=&#8221;right&#8221; custom_margin=&#8221;|-175px|||false|false&#8221; custom_margin_last_edited=&#8221;off|desktop&#8221;]<\/p>\n<p><span>Material 100% certificado<br \/> P\u00e9s de Madeira<br \/> <\/span><span>Tecido Personalizado<\/span><\/p>\n<p>[\/et_pb_cta][\/et_pb_column][\/et_pb_row][et_pb_row column_structure=&#8221;1_2,1_2&#8243; _builder_version=&#8221;4.4.3&#8243;][et_pb_column type=&#8221;1_2&#8243; _builder_version=&#8221;4.4.3&#8243;][et_pb_image src=&#8221;http:\/\/webapp183478.ip-69-164-198-196.cloudezapp.io\/wp-content\/uploads\/2020\/09\/mesas-de-poker-profissional-mary-planet-poker-site.png&#8221; alt=&#8221;mesa de poker profissional mary planet poker site&#8221; title_text=&#8221;mesas-de-poker-profissional-mary-planet-poker-site&#8221; _builder_version=&#8221;4.6.2&#8243; transform_scale_tablet=&#8221;140%|140%&#8221; transform_scale_phone=&#8221;130%|130%&#8221; transform_scale_last_edited=&#8221;on|phone&#8221; transform_translate_tablet=&#8221;&#8221; transform_translate_phone=&#8221;0px|30px&#8221; transform_translate_last_edited=&#8221;on|desktop&#8221; transform_translate_linked_phone=&#8221;off&#8221; transform_rotate_tablet=&#8221;&#8221; transform_rotate_phone=&#8221;&#8221; transform_rotate_last_edited=&#8221;on|desktop&#8221; transform_skew_tablet=&#8221;&#8221; transform_skew_phone=&#8221;&#8221; transform_skew_last_edited=&#8221;on|desktop&#8221; transform_origin_tablet=&#8221;&#8221; transform_origin_phone=&#8221;&#8221; transform_origin_last_edited=&#8221;on|desktop&#8221; transform_styles_last_edited=&#8221;on|phone&#8221; transform_styles_tablet=&#8221;&#8221; transform_styles_phone=&#8221;&#8221;][\/et_pb_image][\/et_pb_column][et_pb_column type=&#8221;1_2&#8243; _builder_version=&#8221;4.4.3&#8243; vertical_offset=&#8221;30px&#8221; horizontal_offset=&#8221;-175px&#8221; z_index=&#8221;1&#8243; custom_padding__hover_enabled=&#8221;on|hover&#8221; custom_padding__hover=&#8221;20px||||false|false&#8221;][et_pb_cta title=&#8221;Mesa de Poker Mary&#8221; button_url=&#8221;@ET-DC@eyJkeW5hbWljIjp0cnVlLCJjb250ZW50IjoicG9zdF9saW5rX3VybF9wcm9kdWN0Iiwic2V0dGluZ3MiOnsicG9zdF9pZCI6IjEyMCJ9fQ==@&#8221; button_text=&#8221;Conhe\u00e7a&#8221; _builder_version=&#8221;4.5.6&#8243; _dynamic_attributes=&#8221;button_url&#8221; background_color=&#8221;rgba(135,0,0,0.8)&#8221; text_orientation=&#8221;right&#8221; module_alignment=&#8221;right&#8221; custom_margin=&#8221;|-175px|||false|false&#8221; custom_margin_last_edited=&#8221;off|desktop&#8221;]<\/p>\n<p><span>Material 100% certificado<br \/> P\u00e9s em Madeira<br \/> Revestida em R\u00e1dica Natural<br \/> <\/span><span>Tecido Personalizado<\/span><\/p>\n<p>[\/et_pb_cta][\/et_pb_column][\/et_pb_row][et_pb_row column_structure=&#8221;1_2,1_2&#8243; _builder_version=&#8221;4.4.3&#8243;][et_pb_column type=&#8221;1_2&#8243; _builder_version=&#8221;4.4.3&#8243;][et_pb_image src=&#8221;http:\/\/webapp183478.ip-69-164-198-196.cloudezapp.io\/wp-content\/uploads\/2020\/09\/aparador-de-copos-poker-planet-poker.png&#8221; alt=&#8221;aparador de copos poker planet poker&#8221; title_text=&#8221;aparador-de-copos-poker-planet-poker&#8221; _builder_version=&#8221;4.6.2&#8243; transform_scale_tablet=&#8221;140%|140%&#8221; transform_scale_phone=&#8221;130%|130%&#8221; transform_scale_last_edited=&#8221;on|phone&#8221; transform_translate_tablet=&#8221;&#8221; transform_translate_phone=&#8221;0px|30px&#8221; transform_translate_last_edited=&#8221;on|desktop&#8221; transform_translate_linked_phone=&#8221;off&#8221; transform_rotate_tablet=&#8221;&#8221; transform_rotate_phone=&#8221;&#8221; transform_rotate_last_edited=&#8221;on|desktop&#8221; transform_skew_tablet=&#8221;&#8221; transform_skew_phone=&#8221;&#8221; transform_skew_last_edited=&#8221;on|desktop&#8221; transform_origin_tablet=&#8221;&#8221; transform_origin_phone=&#8221;&#8221; transform_origin_last_edited=&#8221;on|desktop&#8221; transform_styles_last_edited=&#8221;on|phone&#8221; transform_styles_tablet=&#8221;&#8221; transform_styles_phone=&#8221;&#8221;][\/et_pb_image][\/et_pb_column][et_pb_column type=&#8221;1_2&#8243; _builder_version=&#8221;4.4.3&#8243; vertical_offset=&#8221;30px&#8221; horizontal_offset=&#8221;-175px&#8221; z_index=&#8221;1&#8243; custom_padding__hover_enabled=&#8221;on|hover&#8221; custom_padding__hover=&#8221;20px||||false|false&#8221;][et_pb_cta title=&#8221;Aparador de Copos&#8221; button_url=&#8221;http:\/\/planetpoker.com.br&#8221; button_text=&#8221;Conhe\u00e7a&#8221; _builder_version=&#8221;4.4.3&#8243; background_color=&#8221;rgba(0,0,0,0.8)&#8221; text_orientation=&#8221;right&#8221; module_alignment=&#8221;right&#8221; custom_margin=&#8221;|-175px|||false|false&#8221; custom_margin_last_edited=&#8221;off|desktop&#8221;]<\/p>\n<p>&nbsp;<\/p>\n<p>&nbsp;<\/p>\n<p>&nbsp;<\/p>\n<p>[\/et_pb_cta][\/et_pb_column][\/et_pb_row][et_pb_row column_structure=&#8221;1_2,1_2&#8243; _builder_version=&#8221;4.4.3&#8243;][et_pb_column type=&#8221;1_2&#8243; _builder_version=&#8221;4.4.3&#8243;][et_pb_image src=&#8221;http:\/\/webapp183478.ip-69-164-198-196.cloudezapp.io\/wp-content\/uploads\/2020\/09\/fichas-de-poker-profissional-personalizadas-planet-poker.png&#8221; alt=&#8221;fichas de poker profissional personalizadas planet poker&#8221; title_text=&#8221;fichas-de-poker-profissional-personalizadas-planet-poker&#8221; _builder_version=&#8221;4.6.2&#8243; transform_scale_tablet=&#8221;140%|140%&#8221; transform_scale_phone=&#8221;130%|130%&#8221; transform_scale_last_edited=&#8221;on|phone&#8221; transform_translate_tablet=&#8221;&#8221; transform_translate_phone=&#8221;0px|30px&#8221; transform_translate_last_edited=&#8221;on|desktop&#8221; transform_translate_linked_phone=&#8221;off&#8221; transform_rotate_tablet=&#8221;&#8221; transform_rotate_phone=&#8221;&#8221; transform_rotate_last_edited=&#8221;on|desktop&#8221; transform_skew_tablet=&#8221;&#8221; transform_skew_phone=&#8221;&#8221; transform_skew_last_edited=&#8221;on|desktop&#8221; transform_origin_tablet=&#8221;&#8221; transform_origin_phone=&#8221;&#8221; transform_origin_last_edited=&#8221;on|desktop&#8221; transform_styles_last_edited=&#8221;on|phone&#8221; transform_styles_tablet=&#8221;&#8221; transform_styles_phone=&#8221;&#8221;][\/et_pb_image][\/et_pb_column][et_pb_column type=&#8221;1_2&#8243; _builder_version=&#8221;4.4.3&#8243; vertical_offset=&#8221;30px&#8221; horizontal_offset=&#8221;-175px&#8221; z_index=&#8221;1&#8243; custom_padding__hover_enabled=&#8221;on|hover&#8221; custom_padding__hover=&#8221;20px||||false|false&#8221;][et_pb_cta title=&#8221;Fichas de Cer\u00e2mica Personalizadas&#8221; button_url=&#8221;http:\/\/planetpoker.com.br&#8221; button_text=&#8221;Conhe\u00e7a&#8221; _builder_version=&#8221;4.4.3&#8243; background_color=&#8221;rgba(135,0,0,0.8)&#8221; text_orientation=&#8221;right&#8221; module_alignment=&#8221;right&#8221; custom_margin=&#8221;|-175px|||false|false&#8221; custom_margin_last_edited=&#8221;off|desktop&#8221;]<\/p>\n<p><span>Material 100% certificado<br \/>Impress\u00e3o na Cer\u00e2mica<br \/> <\/span><span>Arte Personalizada<\/span><\/p>\n<p><span><\/span><\/p>\n<p>[\/et_pb_cta][\/et_pb_column][\/et_pb_row][\/et_pb_section][et_pb_section fb_built=&#8221;1&#8243; fullwidth=&#8221;on&#8221; _builder_version=&#8221;4.4.3&#8243;][et_pb_fullwidth_slider _builder_version=&#8221;4.5.6&#8243;][et_pb_slide heading=&#8221;Procurando Mesas ou Fichas Personalizadas?&#8221; button_text=&#8221;Produtos Personalizados&#8221; button_link=&#8221;@ET-DC@eyJkeW5hbWljIjp0cnVlLCJjb250ZW50IjoicG9zdF9saW5rX3VybF9wYWdlIiwic2V0dGluZ3MiOnsicG9zdF9pZCI6IjE0MiJ9fQ==@&#8221; use_bg_overlay=&#8221;on&#8221; bg_overlay_color=&#8221;rgba(10,10,10,0.82)&#8221; _builder_version=&#8221;4.5.6&#8243; _dynamic_attributes=&#8221;button_link&#8221; header_level=&#8221;h2&#8243; header_font=&#8221;Abril Fatface||||||||&#8221; header_font_size=&#8221;57px&#8221; header_letter_spacing=&#8221;2px&#8221; background_enable_color=&#8221;off&#8221; background_video_mp4=&#8221;http:\/\/webapp183478.ip-69-164-198-196.cloudezapp.io\/wp-content\/uploads\/2020\/04\/147337-converted-with-Clipchamp.mp4&#8243; background_enable_video_mp4=&#8221;on&#8221; custom_button=&#8221;on&#8221; button_use_icon=&#8221;on&#8221; button_icon=&#8221;%%45%%&#8221; header_font_size_tablet=&#8221;42px&#8221; header_font_size_phone=&#8221;24px&#8221; header_font_size_last_edited=&#8221;on|desktop&#8221; sticky_transition=&#8221;on&#8221;]<\/p>\n<p>Clique no bot\u00e3o abaixo e entre em contato conosco para fazer seu or\u00e7amento.<\/p>\n<p>[\/et_pb_slide][\/et_pb_fullwidth_slider][\/et_pb_section]<\/p>\n","protected":false},"excerpt":{"rendered":"<p>A Mesa de Poker que voc\u00ea procura est\u00e1 aqui na Planet Poker. Com p\u00e9 retr\u00e1til ou fixo, tecido personalizado e diversos tamanhos. Clique em saiba mais para conhecer todos os modelos dispon\u00edveis. &nbsp; Fichas de Pl\u00e1stico com Adesivo Personalizado ou Fichas de Cer\u00e2mica 100% personaliz\u00e1veis. A escolha \u00e9 sua, o comprometimento com\u00a0a qualidade \u00e9 nosso. [&hellip;]<\/p>\n","protected":false},"author":1,"featured_media":0,"parent":0,"menu_order":0,"comment_status":"closed","ping_status":"closed","template":"","meta":{"_et_pb_use_builder":"on","_et_pb_old_content":"","_et_gb_content_width":"","footnotes":""},"class_list":["post-40","page","type-page","status-publish","hentry"],"_links":{"self":[{"href":"https:\/\/planetpoker.com.br\/index.php\/wp-json\/wp\/v2\/pages\/40","targetHints":{"allow":["GET"]}}],"collection":[{"href":"https:\/\/planetpoker.com.br\/index.php\/wp-json\/wp\/v2\/pages"}],"about":[{"href":"https:\/\/planetpoker.com.br\/index.php\/wp-json\/wp\/v2\/types\/page"}],"author":[{"embeddable":true,"href":"https:\/\/planetpoker.com.br\/index.php\/wp-json\/wp\/v2\/users\/1"}],"replies":[{"embeddable":true,"href":"https:\/\/planetpoker.com.br\/index.php\/wp-json\/wp\/v2\/comments?post=40"}],"version-history":[{"count":20,"href":"https:\/\/planetpoker.com.br\/index.php\/wp-json\/wp\/v2\/pages\/40\/revisions"}],"predecessor-version":[{"id":228,"href":"https:\/\/planetpoker.com.br\/index.php\/wp-json\/wp\/v2\/pages\/40\/revisions\/228"}],"wp:attachment":[{"href":"https:\/\/planetpoker.com.br\/index.php\/wp-json\/wp\/v2\/media?parent=40"}],"curies":[{"name":"wp","href":"https:\/\/api.w.org\/{rel}","templated":true}]}}